{"id":4209,"date":"2014-07-20T23:32:31","date_gmt":"2014-07-20T22:32:31","guid":{"rendered":"https:\/\/www.simons-world.at\/rtw\/?page_id=4209"},"modified":"2015-11-18T23:01:26","modified_gmt":"2015-11-18T21:01:26","slug":"ueber-diesen-blog","status":"publish","type":"page","link":"https:\/\/www.simons-world.at\/rtw\/ueber-diesen-blog\/","title":{"rendered":"\u00dcber diesen Blog"},"content":{"rendered":"<h2>Die Anf\u00e4nge<\/h2>\n<p>Simons World. Na was ist denn das eigentlich? Als ich die Domain simons-world.at im Jahr 2005 registrierte, wusste ich das vermutlich noch nicht einmal selber. Nach einigen Jahren der Spielereien konnte ich Mitte 2010 einen ersten richtigen Sinn f\u00fcr diesen Domainnamen erkennen. Ich war gerade dabei eine epische Weltreise zu planen und in mir erwachte die Vorstellung, alle Erlebnisse in Echtzeit zu dokumentieren und zu ver\u00f6ffentlichen.<\/p>\n<p>Was hier seit dem alles los gewesen ist <a href=\"https:\/\/www.simons-world.at\/rtw\/karte-alle-reiseziele\/\">kann man heute gut sehen<\/a>. Mittlerweile sind meine Pl\u00e4ne durchaus ambitioniert, denn ich will bis zum Tag meines Todes so viel wie m\u00f6glich reisen und die Welt erkunden, bis ich hier aus jedem einzelnen Land Geschichten, Eindr\u00fccke und Erfahrungen zusammengetragen habe. Bis dahin ist es noch ein weiter und spannender Weg \ud83d\ude42<\/p>\n<p>&nbsp;<\/p>\n<h2>Das Motiv<\/h2>\n<p>Tja, zu Beginn ganz klar um mit meiner Familie, Freunden und Bekannten in Kontakt zu bleiben, ohne jedem die Geschichten einzeln erz\u00e4hlen zu m\u00fcssen. Man k\u00f6nnte also sagen Faulheit. Bald aber merkte ich, dass die Schreiberei schon eine tolle M\u00f6glichkeit ist, meine Erlebnisse auch f\u00fcr mich selber zu dokumentieren und festzuhalten. Warum also das Ganze nicht weiterhin ver\u00f6ffentlichen?<\/p>\n<p>&nbsp;<\/p>\n<h2>Das Kleingedruckte<\/h2>\n<p>Als was auch immer man diesen Blog bezeichnen will, ich kann euch sagen was er nicht ist: Objektiv, vollst\u00e4ndig, fehlerfrei oder unzensiert. Die meisten Beitr\u00e4ge entstanden direkt unterwegs aus einer Laune heraus, die gew\u00e4hlten Themen und Betrachtungswinkel variieren nat\u00fcrlich dementsprechend. Die Auswahl \u00fcber was ich nun schreibe, was ich absichtlich oder unabsichtlich vergesse, ist am einfachstem als Zufall oder Willk\u00fcr zu beschreiben.<\/p>\n<p>Wichtig war mir immer unabh\u00e4ngig zu sein und selber die Kontrolle \u00fcber meine Inhalte zu haben. Meine Texte und Bilder ver\u00f6ffentliche ich daher bis auf wenige Ausnahmen ausschlie\u00dflich auf dieser Webseite. Wer Teile meiner Arbeit f\u00fcr\u00a0nicht kommerzielle Zwecke verwenden m\u00f6chte, kann \u00fcber das <a href=\"https:\/\/www.simons-world.at\/rtw\/kontakt\/\">Kontaktformular<\/a> mit mir in Verbindung treten. Weitere Einzelheiten findet ihr im <a href=\"https:\/\/www.simons-world.at\/rtw\/impressum\/\">Impressum<\/a>.<\/p>\n","protected":false},"excerpt":{"rendered":"<p>Die Anf\u00e4nge Simons World. Na was ist denn das eigentlich? Als ich die Domain simons-world.at im Jahr 2005 registrierte, wusste ich das vermutlich noch nicht einmal selber. Nach einigen Jahren der Spielereien konnte ich Mitte 2010 einen ersten richtigen Sinn f\u00fcr diesen Domainnamen&#46;&#46;&#46;<\/p>\n","protected":false},"author":7,"featured_media":0,"parent":0,"menu_order":0,"comment_status":"open","ping_status":"open","template":"","meta":{"ngg_post_thumbnail":0,"jetpack_post_was_ever_published":false,"footnotes":""},"class_list":["post-4209","page","type-page","status-publish","hentry"],"yoast_head":"<!-- This site is optimized with the Yoast SEO plugin v27.3 - https:\/\/yoast.com\/product\/yoast-seo-wordpress\/ -->\n<title>\u00dcber diesen Blog | Simons World<\/title>\n<meta name=\"robots\" content=\"index, follow, max-snippet:-1, max-image-preview:large, max-video-preview:-1\" \/>\n<link rel=\"canonical\" href=\"https:\/\/www.simons-world.at\/rtw\/ueber-diesen-blog\/\" \/>\n<meta name=\"twitter:label1\" content=\"Gesch\u00e4tzte Lesezeit\" \/>\n\t<meta name=\"twitter:data1\" content=\"2\u00a0Minuten\" \/>\n<script type=\"application\/ld+json\" class=\"yoast-schema-graph\">{\"@context\":\"https:\\\/\\\/schema.org\",\"@graph\":[{\"@type\":\"WebPage\",\"@id\":\"https:\\\/\\\/www.simons-world.at\\\/rtw\\\/ueber-diesen-blog\\\/\",\"url\":\"https:\\\/\\\/www.simons-world.at\\\/rtw\\\/ueber-diesen-blog\\\/\",\"name\":\"\u00dcber diesen Blog | Simons World\",\"isPartOf\":{\"@id\":\"https:\\\/\\\/www.simons-world.at\\\/rtw\\\/#website\"},\"datePublished\":\"2014-07-20T22:32:31+00:00\",\"dateModified\":\"2015-11-18T21:01:26+00:00\",\"breadcrumb\":{\"@id\":\"https:\\\/\\\/www.simons-world.at\\\/rtw\\\/ueber-diesen-blog\\\/#breadcrumb\"},\"inLanguage\":\"de\",\"potentialAction\":[{\"@type\":\"ReadAction\",\"target\":[\"https:\\\/\\\/www.simons-world.at\\\/rtw\\\/ueber-diesen-blog\\\/\"]}]},{\"@type\":\"BreadcrumbList\",\"@id\":\"https:\\\/\\\/www.simons-world.at\\\/rtw\\\/ueber-diesen-blog\\\/#breadcrumb\",\"itemListElement\":[{\"@type\":\"ListItem\",\"position\":1,\"name\":\"Home\",\"item\":\"https:\\\/\\\/www.simons-world.at\\\/rtw\\\/\"},{\"@type\":\"ListItem\",\"position\":2,\"name\":\"\u00dcber diesen Blog\"}]},{\"@type\":\"WebSite\",\"@id\":\"https:\\\/\\\/www.simons-world.at\\\/rtw\\\/#website\",\"url\":\"https:\\\/\\\/www.simons-world.at\\\/rtw\\\/\",\"name\":\"Simons World\",\"description\":\"Not just another Travel Blog\",\"publisher\":{\"@id\":\"https:\\\/\\\/www.simons-world.at\\\/rtw\\\/#\\\/schema\\\/person\\\/34f3ecb2e9ff749782fee13191c36495\"},\"potentialAction\":[{\"@type\":\"SearchAction\",\"target\":{\"@type\":\"EntryPoint\",\"urlTemplate\":\"https:\\\/\\\/www.simons-world.at\\\/rtw\\\/?s={search_term_string}\"},\"query-input\":{\"@type\":\"PropertyValueSpecification\",\"valueRequired\":true,\"valueName\":\"search_term_string\"}}],\"inLanguage\":\"de\"},{\"@type\":[\"Person\",\"Organization\"],\"@id\":\"https:\\\/\\\/www.simons-world.at\\\/rtw\\\/#\\\/schema\\\/person\\\/34f3ecb2e9ff749782fee13191c36495\",\"name\":\"Simon\",\"logo\":{\"@id\":\"https:\\\/\\\/www.simons-world.at\\\/rtw\\\/#\\\/schema\\\/person\\\/image\\\/\"},\"sameAs\":[\"http:\\\/\\\/www.simons-world.at\"]}]}<\/script>\n<!-- \/ Yoast SEO plugin. -->","yoast_head_json":{"title":"\u00dcber diesen Blog | Simons World","robots":{"index":"index","follow":"follow","max-snippet":"max-snippet:-1","max-image-preview":"max-image-preview:large","max-video-preview":"max-video-preview:-1"},"canonical":"https:\/\/www.simons-world.at\/rtw\/ueber-diesen-blog\/","twitter_misc":{"Gesch\u00e4tzte Lesezeit":"2\u00a0Minuten"},"schema":{"@context":"https:\/\/schema.org","@graph":[{"@type":"WebPage","@id":"https:\/\/www.simons-world.at\/rtw\/ueber-diesen-blog\/","url":"https:\/\/www.simons-world.at\/rtw\/ueber-diesen-blog\/","name":"\u00dcber diesen Blog | Simons World","isPartOf":{"@id":"https:\/\/www.simons-world.at\/rtw\/#website"},"datePublished":"2014-07-20T22:32:31+00:00","dateModified":"2015-11-18T21:01:26+00:00","breadcrumb":{"@id":"https:\/\/www.simons-world.at\/rtw\/ueber-diesen-blog\/#breadcrumb"},"inLanguage":"de","potentialAction":[{"@type":"ReadAction","target":["https:\/\/www.simons-world.at\/rtw\/ueber-diesen-blog\/"]}]},{"@type":"BreadcrumbList","@id":"https:\/\/www.simons-world.at\/rtw\/ueber-diesen-blog\/#breadcrumb","itemListElement":[{"@type":"ListItem","position":1,"name":"Home","item":"https:\/\/www.simons-world.at\/rtw\/"},{"@type":"ListItem","position":2,"name":"\u00dcber diesen Blog"}]},{"@type":"WebSite","@id":"https:\/\/www.simons-world.at\/rtw\/#website","url":"https:\/\/www.simons-world.at\/rtw\/","name":"Simons World","description":"Not just another Travel Blog","publisher":{"@id":"https:\/\/www.simons-world.at\/rtw\/#\/schema\/person\/34f3ecb2e9ff749782fee13191c36495"},"potentialAction":[{"@type":"SearchAction","target":{"@type":"EntryPoint","urlTemplate":"https:\/\/www.simons-world.at\/rtw\/?s={search_term_string}"},"query-input":{"@type":"PropertyValueSpecification","valueRequired":true,"valueName":"search_term_string"}}],"inLanguage":"de"},{"@type":["Person","Organization"],"@id":"https:\/\/www.simons-world.at\/rtw\/#\/schema\/person\/34f3ecb2e9ff749782fee13191c36495","name":"Simon","logo":{"@id":"https:\/\/www.simons-world.at\/rtw\/#\/schema\/person\/image\/"},"sameAs":["http:\/\/www.simons-world.at"]}]}},"jetpack_sharing_enabled":true,"_links":{"self":[{"href":"https:\/\/www.simons-world.at\/rtw\/wp-json\/wp\/v2\/pages\/4209","targetHints":{"allow":["GET"]}}],"collection":[{"href":"https:\/\/www.simons-world.at\/rtw\/wp-json\/wp\/v2\/pages"}],"about":[{"href":"https:\/\/www.simons-world.at\/rtw\/wp-json\/wp\/v2\/types\/page"}],"author":[{"embeddable":true,"href":"https:\/\/www.simons-world.at\/rtw\/wp-json\/wp\/v2\/users\/7"}],"replies":[{"embeddable":true,"href":"https:\/\/www.simons-world.at\/rtw\/wp-json\/wp\/v2\/comments?post=4209"}],"version-history":[{"count":5,"href":"https:\/\/www.simons-world.at\/rtw\/wp-json\/wp\/v2\/pages\/4209\/revisions"}],"predecessor-version":[{"id":8507,"href":"https:\/\/www.simons-world.at\/rtw\/wp-json\/wp\/v2\/pages\/4209\/revisions\/8507"}],"wp:attachment":[{"href":"https:\/\/www.simons-world.at\/rtw\/wp-json\/wp\/v2\/media?parent=4209"}],"curies":[{"name":"wp","href":"https:\/\/api.w.org\/{rel}","templated":true}]}}