{"id":3972,"date":"2014-03-25T20:14:03","date_gmt":"2014-03-25T19:14:03","guid":{"rendered":"https:\/\/www.simons-world.at\/rtw\/?page_id=3972"},"modified":"2023-05-17T02:44:06","modified_gmt":"2023-05-17T00:44:06","slug":"impressum","status":"publish","type":"page","link":"https:\/\/www.simons-world.at\/rtw\/impressum\/","title":{"rendered":"Impressum"},"content":{"rendered":"\n<p><strong>Verantwortlich f\u00fcr den Inhalt:<\/strong><br>\nSimon J\u00e4ger, Santa Fe de Veraguas, Panama<br>\n<a title=\"Kontakt\" href=\"https:\/\/www.simons-world.at\/rtw\/kontakt\/\">Kontaktformular<\/a><br>\nMail-Adresse: simon [at] simons-world [punkt] at<\/p>\n\n\n\n<p><\/p>\n\n\n\n<p>Meine Texte formuliere ich aus Gr\u00fcnden der leichteren Lesbarkeit nicht geschlechterspezifisch. Sie gelten in gleicher Weise f\u00fcr alle Geschlechter*innen (m\/w\/d).<\/p>\n\n\n\n<p><strong><br>Im Falle eventueller Missst\u00e4nde in meinem Blog (z.B. bez\u00fcglich Inhalt oder eine m\u00f6gliche Urheberrechtsverletzung) bitte ich zur Vermeidung unn\u00f6tiger Rechtsstreite und Kosten um eine vorherige Kontaktaufnahme, um die Unstimmigkeiten m\u00f6glichst einvernehmlich und formlos aus der Welt zu schaffen. Die Kostennote einer anwaltlichen Abmahnung wird daher im Sinne der Schadensminderungspflicht als unbegr\u00fcndet zur\u00fcckgewiesen, wenn ich nicht vorher \u00fcber meine Mail-Adresse simon [at] simons-world [punkt] at kontaktiert und nicht auf diesem Weg \u00fcber eventuelle Missst\u00e4nde in meinem Blog hingewiesen wurde.<\/strong><\/p>\n\n\n\n<p>Simons World (simons-world.at) ist ein Blog, der seinen Lesern \u00fcberfl\u00fcssige und teils zweifellos unbrauchbare Informationen zukommen l\u00e4sst bzw. holen sich diese selbst von dort ab (Push, Pull, whatever). Generell sollten m\u00fcndige Leser davon ausgehen, dass jedes einzelne Posting einzig und allein meiner Selbstvermarktung dient oder anderweitige Zwecke verfolgt. An Objektivit\u00e4t glaube ich n\u00e4mlich sowieso nicht, an m\u00fcndige Leser dagegen schon.<\/p>\n\n\n\n<h1 class=\"wp-block-heading\">Haftungsausschluss &amp; Datensch(m)utz<\/h1>\n\n\n\n<p><strong>1. Inhalt des Onlineangebotes<\/strong><\/p>\n\n\n\n<p>Der Autor \u00fcbernimmt keinerlei Gew\u00e4hr f\u00fcr die Aktualit\u00e4t, Korrektheit, Vollst\u00e4ndigkeit oder Qualit\u00e4t der bereitgestellten Informationen. Haftungsanspr\u00fcche gegen den Autor, welche sich auf Sch\u00e4den materieller oder ideeller Art beziehen, die durch die Nutzung oder Nichtnutzung der dargebotenen Informationen bzw. durch die Nutzung fehlerhafter und unvollst\u00e4ndiger Informationen verursacht wurden, sind grunds\u00e4tzlich ausgeschlossen, sofern seitens des Autors kein nachweislich vors\u00e4tzli\u00adches oder grob fahrl\u00e4ssiges Verschulden vorliegt.<br>\nAlle Angebote sind freibleibend und unverbindlich. Der Autor beh\u00e4lt es sich ausdr\u00fccklich vor, Teile der Seiten oder das gesamte Angebot ohne gesonderte Ank\u00fcndigung zu ver\u00e4ndern, zu erg\u00e4nzen, zu l\u00f6schen oder die Ver\u00f6ffentlichung zeitweise oder endg\u00fcltig einzustellen.<\/p>\n\n\n\n<p><strong>2. Verweise und Links<\/strong><\/p>\n\n\n\n<p>Bei direkten oder indirekten Verweisen auf fremde Webseiten (\u201cHyperlinks\u201d), die au\u00dferhalb des Verantwortungsbereiches des Autors liegen, w\u00fcrde eine Haftungsverpflichtung ausschlie\u00dflich in dem Fall in Kraft treten, in dem der Autor von den Inhalten Kenntnis hat und es ihm technisch m\u00f6glich und zumutbar w\u00e4re, die Nutzung im Falle rechtswidriger Inhalte zu verhindern.<br>\nDer Autor erkl\u00e4rt hiermit ausdr\u00fccklich, dass zum Zeitpunkt der Linksetzung keine illegalen Inhalte auf den zu verlinkenden Seiten erkennbar waren. Auf die aktuelle und zuk\u00fcnftige Gestaltung, die Inhalte oder die Urheberschaft der verlinkten\/verkn\u00fcpften Seiten hat der Autor keinerlei Einfluss. Deshalb distanziert er sich hiermit ausdr\u00fccklich von allen Inhalten aller verlinkten \/verkn\u00fcpften Seiten, die nach der Linksetzung ver\u00e4ndert wurden. Diese Feststellung gilt f\u00fcr alle innerhalb des eigenen Internetangebotes gesetzten Links und Verweise sowie f\u00fcr Fremdeintr\u00e4ge in vom Autor eingerichteten G\u00e4steb\u00fcchern, Diskussionsforen, Linkverzeichnissen, Mailinglisten und in allen anderen Formen von Datenbanken, auf deren Inhalt externe Schreibzugriffe m\u00f6glich sind. F\u00fcr illegale, fehlerhafte oder unvollst\u00e4ndige Inhalte und insbesondere f\u00fcr Sch\u00e4den, die aus der Nutzung oder Nichtnutzung solcherart dargebotener Informationen entstehen, haftet allein der Anbieter der Seite, auf wel\u00adche verwiesen wurde, nicht derjenige, der \u00fcber Links auf die jeweilige Ver\u00f6ffentlichung lediglich verweist.<\/p>\n\n\n\n<p><strong>3. Urheber\u2013 und Kennzeichenrecht<\/strong><\/p>\n\n\n\n<p>Der Autor ist bestrebt, in allen Publikationen die Urheberrechte der verwendeten Bilder, Grafiken, Tondokumente, Videosequenzen und Texte zu beachten, von ihm selbst erstellte Bilder, Grafiken, Tondokumente, Videosequenzen und Texte zu nutzen oder auf lizenzfreie Grafiken, Tondokumente, Videosequenzen und Texte zur\u00fcckzugreifen.<br>\nAlle innerhalb des Internetangebotes genannten und ggf. durch Dritte gesch\u00fctzten Marken\u2013 und Warenzeichen unterliegen uneingeschr\u00e4nkt den Bestimmungen des jeweils g\u00fcltigen Kennzeichenrechts und den Besitzrechten der jeweiligen eingetragenen Eigent\u00fcmer. Allein aufgrund der blo\u00dfen Nennung ist nicht der Schluss zu ziehen, dass Markenzeichen nicht durch Rechte Dritter gesch\u00fctzt sind!<br>\nDas Copyright f\u00fcr ver\u00f6ffentlichte, vom Autor selbst erstellte Objekte bleibt allein beim Autor der Seiten. Eine Vervielf\u00e4ltigung oder Verwendung solcher Grafiken, Tondokumente, Videosequenzen und Texte in anderen elektronischen oder gedruckten Publikationen ist ohne ausdr\u00fcckliche Zustimmung des Autors nicht gestattet.<\/p>\n\n\n\n<p><strong>4. Datenschutz<\/strong><\/p>\n\n\n\n<p>Sofern innerhalb des Internetangebotes die M\u00f6glichkeit zur Eingabe pers\u00f6nlicher oder gesch\u00e4ftlicher Daten (Emailadressen, Namen, Anschriften) besteht, so erfolgt die Preisgabe dieser Daten seitens des Nutzers auf ausdr\u00fccklich freiwilliger Basis. Die Inanspruchnahme und Bezahlung aller angebotenen Dienste ist\u2009\u2014\u2009soweit technisch m\u00f6glich und zumutbar\u2009\u2014\u2009auch ohne Angabe solcher Daten bzw. unter Angabe anonymisierter Daten oder eines Pseudonyms gestattet. Die Nutzung der im Rahmen des Impressums oder vergleichbarer Angaben ver\u00f6ffentlichten Kontaktdaten wie Postanschriften, Telefon\u2013 und Faxnummern sowie Emailadressen durch Dritte zur \u00dcbersendung von nicht ausdr\u00fccklich angeforderten Informationen ist nicht gestattet. Rechtliche Schritte gegen die Versender von sogenannten Spam-Mails bei Verst\u00f6ssen gegen dieses Verbot sind ausdr\u00fccklich vorbehalten.<\/p>\n\n\n\n<p><strong>4.1. Datenschmutz<\/strong><\/p>\n\n\n\n<p>Wie jede Art von Internet-Nutzung ist der Zugriff auf meine Webseiten einer allgemeinen, anlasslosen, unterschiedslosen und verdachtsunabh\u00e4ngigen Massen\u00fcberwachung durch Sicherheitsbeh\u00f6rden in den USA, in der EU und in anderen Staaten ausgesetzt. Ich habe keinen direkten Einfluss auf die entsprechende Bearbeitung von Personendaten durch diese Geheimdienste, Polizeistellen und sonstigen Sicherheitsbeh\u00f6rden. Entgegen der Vernebelung des Denkens naiver Nutzer durch den Begriff &#8222;Datenschutz&#8220; registrieren diese Dienste alles: Privatsph\u00e4re ist eine absolute Illusion, sobald man sich im Internet bewegt und sich dabei nicht in geeigneter Weise durch verl\u00e4ssliche Anonymit\u00e4t und brauchbare Verschl\u00fcsselung sch\u00fctzt.<\/p>\n\n\n\n<p><strong>5.&nbsp;Amazon Partnerprogramm<\/strong><\/p>\n\n\n\n<p>Diese Webseite ist Teilnehmer des Partnerprogramms von Amazon Europe S.a.r.l. und Partner des Werbeprogramms, das zur Bereitstellung eines Mediums f\u00fcr Websites konzipiert wurde, mittels dessen durch die Platzierung von Werbeanzeigen und Links zu Amazon.de Werbekostenerstattung verdient werden kann. Amazon setzt Cookies ein, um die Herkunft der Bestellungen nachvollziehen zu k\u00f6nnen. Unter anderem kann Amazon erkennen, dass Sie den Partnerlink auf dieser Website geklickt haben. Weitere Informationen zur Datennutzung durch Amazon erhalten Sie in der <a href=\"http:\/\/www.amazon.de\/gp\/help\/customer\/display.html\/ref=footer_privacy?ie=UTF8&amp;nodeId=3312401\">Amazon Datenschutzerkl\u00e4rung<\/a>.<\/p>\n\n\n\n<p><strong>6. Rechtswirksamkeit dieses Haftungsausschlusses<\/strong><\/p>\n\n\n\n<p>Dieser Haftungsausschluss ist als Teil des Internetangebotes zu betrachten, von dem aus auf diese Seite verwiesen wurde. Sofern Teile oder einzelne Formulierungen dieses Textes der geltenden Rechtslage nicht, nicht mehr oder nicht vollst\u00e4ndig entsprechen sollten, bleiben die \u00fcbrigen Teile des Dokumentes in ihrem Inhalt und ihrer G\u00fcltigkeit davon unber\u00fchrt.<\/p>\n\n\n\n<p><strong>Datenverarbeitung auf dieser Internetseite<\/strong><\/p>\n\n\n\n<p>Simon Down Under oder besser gesagt der Hosting Provider Neue Medien Munnich und speichert (genauso wie jeder Webserver in Standardkonfiguration) automatisch in den Server Log Files Informationen, die Ihr Browser an uns \u00fcbermittelt. Dies sind:<br>\nBrowsertyp\/ \u2013version<br>\nverwendetes Betriebssystem<br>\nReferrer URL (die zuvor besuchte Seite)<br>\nHostname des zugreifenden Rechners (IP Adresse)<br>\nUhrzeit der Serveranfrage.<\/p>\n\n\n\n<p>Diese Daten sind f\u00fcr Simon Down Under nicht bestimmten Personen zuordenbar, es sei denn, diese besitzen ein Nutzerkonto. Aber erstens interessiert mich nicht, wer genau hier was liest, sondern nur das statistische Mittel, und zweitens h\u00e4tt ich f\u00fcr solchen Bl\u00f6dsinn auch \u00fcberhaupt keine Zeit. In diesem Sinne: eine Zusammenf\u00fchrung dieser Daten mit anderen Datenquellen wird nicht vorgenommen.<\/p>\n\n\n\n<p><strong>Cookies<\/strong><\/p>\n\n\n\n<p>Die Internetseiten verwenden an mehreren Stellen so genannte Cookies. Sie dienen dazu, unser Angebot nutzerfreundlicher, effektiver und sicherer zu machen. Cookies sind kleine Textdateien, die auf Ihrem Rechner abgelegt werden und die Ihr Browser speichert. Die meisten der von uns verwendeten Cookies sind so genannte \u201cSession-Cookies\u201d. Sie werden nach Ende Ihres Besuchs automatisch gel\u00f6scht. Cookies richten auf Ihrem Rechner keinen Schaden an und enthalten keine Viren.<\/p>\n\n\n\n<p><strong>Newsletter<\/strong><\/p>\n\n\n\n<p>Wenn Sie den auf der Webseite angebotenen Newsletter empfangen m\u00f6chten, ben\u00f6tigen wir von Ihnen eine valide Email-Adresse sowie Informationen, die uns die \u00dcberpr\u00fcfung gestatten, dass Sie der Inhaber der angegebenen Email-Adresse sind bzw. deren Inhaber mit dem Empfang des Newsletters einverstanden ist. Weitere Daten werden nicht erhoben. Ihre Einwilligung zur Speicherung der Daten, der Email-Adresse sowie deren Nutzung zum Versand des Newsletters k\u00f6nnen Sie jederzeit widerrufen.<\/p>\n\n\n\n<p><strong>Auskunftsrecht<\/strong><\/p>\n\n\n\n<p>Sie haben jederzeit das Recht auf Auskunft \u00fcber die bez\u00fcglich Ihrer Person gespeicherten Daten, deren Herkunft und Empf\u00e4nger sowie den Zweck der Datenverarbeitung. Auskunft \u00fcber die gespeicherten Daten erhalten Sie nach Anfrage \u00fcber unser <a title=\"Kontakt\" href=\"https:\/\/www.simons-world.at\/rtw\/kontakt\/\">Kontakformular<\/a>.<\/p>\n\n\n\n<p><strong>Weitere Informationen<\/strong><\/p>\n\n\n\n<p>Ihr Vertrauen ist uns wichtig. Daher m\u00f6chten wir Ihnen jederzeit Rede und Antwort bez\u00fcglich der Verarbeitung Ihrer personenbezogenen Daten stehen. Wenn Sie Fragen haben, die Ihnen diese Datenschutzerkl\u00e4rung nicht beantworten konnte oder wenn Sie zu einem Punkt vertiefte Informationen w\u00fcnschen, z\u00f6gern Sie nicht, das <a title=\"Kontakt\" href=\"https:\/\/www.simons-world.at\/rtw\/kontakt\/\">Kontakformular<\/a> zu verwenden.<\/p>\n\n\n\n<p>Quelle: http:\/\/blog.datenschmutz.net\/impressum\/<\/p>\n","protected":false},"excerpt":{"rendered":"<p>Verantwortlich f\u00fcr den Inhalt: Simon J\u00e4ger, Santa Fe de Veraguas, Panama Kontaktformular Mail-Adresse: simon [at] simons-world [punkt] at Meine Texte formuliere ich aus Gr\u00fcnden der leichteren Lesbarkeit nicht geschlechterspezifisch. Sie gelten in gleicher Weise f\u00fcr alle Geschlechter*innen (m\/w\/d). Im Falle eventueller Missst\u00e4nde in&#46;&#46;&#46;<\/p>\n","protected":false},"author":7,"featured_media":0,"parent":0,"menu_order":0,"comment_status":"open","ping_status":"open","template":"","meta":{"ngg_post_thumbnail":0,"jetpack_post_was_ever_published":false,"footnotes":""},"class_list":["post-3972","page","type-page","status-publish","hentry"],"yoast_head":"<!-- This site is optimized with the Yoast SEO plugin v27.3 - https:\/\/yoast.com\/product\/yoast-seo-wordpress\/ -->\n<title>Impressum | Simons World<\/title>\n<meta name=\"description\" content=\"Simons World ist ein Blog, der seinen Lesern \u00fcberfl\u00fcssige und teils zweifellos unbrauchbare Informationen zukommen l\u00e4sst bzw. holen sich diese selbst von...\" \/>\n<meta name=\"robots\" content=\"index, follow, max-snippet:-1, max-image-preview:large, max-video-preview:-1\" \/>\n<link rel=\"canonical\" href=\"https:\/\/www.simons-world.at\/rtw\/impressum\/\" \/>\n<meta name=\"twitter:label1\" content=\"Gesch\u00e4tzte Lesezeit\" \/>\n\t<meta name=\"twitter:data1\" content=\"8\u00a0Minuten\" \/>\n<script type=\"application\/ld+json\" class=\"yoast-schema-graph\">{\"@context\":\"https:\\\/\\\/schema.org\",\"@graph\":[{\"@type\":\"WebPage\",\"@id\":\"https:\\\/\\\/www.simons-world.at\\\/rtw\\\/impressum\\\/\",\"url\":\"https:\\\/\\\/www.simons-world.at\\\/rtw\\\/impressum\\\/\",\"name\":\"Impressum | Simons World\",\"isPartOf\":{\"@id\":\"https:\\\/\\\/www.simons-world.at\\\/rtw\\\/#website\"},\"datePublished\":\"2014-03-25T19:14:03+00:00\",\"dateModified\":\"2023-05-17T00:44:06+00:00\",\"description\":\"Simons World ist ein Blog, der seinen Lesern \u00fcberfl\u00fcssige und teils zweifellos unbrauchbare Informationen zukommen l\u00e4sst bzw. holen sich diese selbst von...\",\"breadcrumb\":{\"@id\":\"https:\\\/\\\/www.simons-world.at\\\/rtw\\\/impressum\\\/#breadcrumb\"},\"inLanguage\":\"de\",\"potentialAction\":[{\"@type\":\"ReadAction\",\"target\":[\"https:\\\/\\\/www.simons-world.at\\\/rtw\\\/impressum\\\/\"]}]},{\"@type\":\"BreadcrumbList\",\"@id\":\"https:\\\/\\\/www.simons-world.at\\\/rtw\\\/impressum\\\/#breadcrumb\",\"itemListElement\":[{\"@type\":\"ListItem\",\"position\":1,\"name\":\"Home\",\"item\":\"https:\\\/\\\/www.simons-world.at\\\/rtw\\\/\"},{\"@type\":\"ListItem\",\"position\":2,\"name\":\"Impressum\"}]},{\"@type\":\"WebSite\",\"@id\":\"https:\\\/\\\/www.simons-world.at\\\/rtw\\\/#website\",\"url\":\"https:\\\/\\\/www.simons-world.at\\\/rtw\\\/\",\"name\":\"Simons World\",\"description\":\"Not just another Travel Blog\",\"publisher\":{\"@id\":\"https:\\\/\\\/www.simons-world.at\\\/rtw\\\/#\\\/schema\\\/person\\\/34f3ecb2e9ff749782fee13191c36495\"},\"potentialAction\":[{\"@type\":\"SearchAction\",\"target\":{\"@type\":\"EntryPoint\",\"urlTemplate\":\"https:\\\/\\\/www.simons-world.at\\\/rtw\\\/?s={search_term_string}\"},\"query-input\":{\"@type\":\"PropertyValueSpecification\",\"valueRequired\":true,\"valueName\":\"search_term_string\"}}],\"inLanguage\":\"de\"},{\"@type\":[\"Person\",\"Organization\"],\"@id\":\"https:\\\/\\\/www.simons-world.at\\\/rtw\\\/#\\\/schema\\\/person\\\/34f3ecb2e9ff749782fee13191c36495\",\"name\":\"Simon\",\"logo\":{\"@id\":\"https:\\\/\\\/www.simons-world.at\\\/rtw\\\/#\\\/schema\\\/person\\\/image\\\/\"},\"sameAs\":[\"http:\\\/\\\/www.simons-world.at\"]}]}<\/script>\n<!-- \/ Yoast SEO plugin. -->","yoast_head_json":{"title":"Impressum | Simons World","description":"Simons World ist ein Blog, der seinen Lesern \u00fcberfl\u00fcssige und teils zweifellos unbrauchbare Informationen zukommen l\u00e4sst bzw. holen sich diese selbst von...","robots":{"index":"index","follow":"follow","max-snippet":"max-snippet:-1","max-image-preview":"max-image-preview:large","max-video-preview":"max-video-preview:-1"},"canonical":"https:\/\/www.simons-world.at\/rtw\/impressum\/","twitter_misc":{"Gesch\u00e4tzte Lesezeit":"8\u00a0Minuten"},"schema":{"@context":"https:\/\/schema.org","@graph":[{"@type":"WebPage","@id":"https:\/\/www.simons-world.at\/rtw\/impressum\/","url":"https:\/\/www.simons-world.at\/rtw\/impressum\/","name":"Impressum | Simons World","isPartOf":{"@id":"https:\/\/www.simons-world.at\/rtw\/#website"},"datePublished":"2014-03-25T19:14:03+00:00","dateModified":"2023-05-17T00:44:06+00:00","description":"Simons World ist ein Blog, der seinen Lesern \u00fcberfl\u00fcssige und teils zweifellos unbrauchbare Informationen zukommen l\u00e4sst bzw. holen sich diese selbst von...","breadcrumb":{"@id":"https:\/\/www.simons-world.at\/rtw\/impressum\/#breadcrumb"},"inLanguage":"de","potentialAction":[{"@type":"ReadAction","target":["https:\/\/www.simons-world.at\/rtw\/impressum\/"]}]},{"@type":"BreadcrumbList","@id":"https:\/\/www.simons-world.at\/rtw\/impressum\/#breadcrumb","itemListElement":[{"@type":"ListItem","position":1,"name":"Home","item":"https:\/\/www.simons-world.at\/rtw\/"},{"@type":"ListItem","position":2,"name":"Impressum"}]},{"@type":"WebSite","@id":"https:\/\/www.simons-world.at\/rtw\/#website","url":"https:\/\/www.simons-world.at\/rtw\/","name":"Simons World","description":"Not just another Travel Blog","publisher":{"@id":"https:\/\/www.simons-world.at\/rtw\/#\/schema\/person\/34f3ecb2e9ff749782fee13191c36495"},"potentialAction":[{"@type":"SearchAction","target":{"@type":"EntryPoint","urlTemplate":"https:\/\/www.simons-world.at\/rtw\/?s={search_term_string}"},"query-input":{"@type":"PropertyValueSpecification","valueRequired":true,"valueName":"search_term_string"}}],"inLanguage":"de"},{"@type":["Person","Organization"],"@id":"https:\/\/www.simons-world.at\/rtw\/#\/schema\/person\/34f3ecb2e9ff749782fee13191c36495","name":"Simon","logo":{"@id":"https:\/\/www.simons-world.at\/rtw\/#\/schema\/person\/image\/"},"sameAs":["http:\/\/www.simons-world.at"]}]}},"jetpack_sharing_enabled":true,"_links":{"self":[{"href":"https:\/\/www.simons-world.at\/rtw\/wp-json\/wp\/v2\/pages\/3972","targetHints":{"allow":["GET"]}}],"collection":[{"href":"https:\/\/www.simons-world.at\/rtw\/wp-json\/wp\/v2\/pages"}],"about":[{"href":"https:\/\/www.simons-world.at\/rtw\/wp-json\/wp\/v2\/types\/page"}],"author":[{"embeddable":true,"href":"https:\/\/www.simons-world.at\/rtw\/wp-json\/wp\/v2\/users\/7"}],"replies":[{"embeddable":true,"href":"https:\/\/www.simons-world.at\/rtw\/wp-json\/wp\/v2\/comments?post=3972"}],"version-history":[{"count":15,"href":"https:\/\/www.simons-world.at\/rtw\/wp-json\/wp\/v2\/pages\/3972\/revisions"}],"predecessor-version":[{"id":14067,"href":"https:\/\/www.simons-world.at\/rtw\/wp-json\/wp\/v2\/pages\/3972\/revisions\/14067"}],"wp:attachment":[{"href":"https:\/\/www.simons-world.at\/rtw\/wp-json\/wp\/v2\/media?parent=3972"}],"curies":[{"name":"wp","href":"https:\/\/api.w.org\/{rel}","templated":true}]}}