{"id":223,"date":"2010-11-02T22:37:56","date_gmt":"2010-11-02T20:37:56","guid":{"rendered":"https:\/\/www.simons-world.at\/rtw\/?page_id=223"},"modified":"2014-03-26T20:59:18","modified_gmt":"2014-03-26T19:59:18","slug":"uber-meine-reise","status":"publish","type":"page","link":"https:\/\/www.simons-world.at\/rtw\/uber-meine-reise\/","title":{"rendered":"\u00dcber meine Reise"},"content":{"rendered":"<p><strong>Dieser Text bezieht sich auf die Weltreise im Jahr 2011<\/p>\n<p>Warum?<\/strong><\/p>\n<p>Gr\u00fcnde f\u00fcr eine solche Reise gibt es viele, aber in erster Linie m\u00f6chte ich damit etwas f\u00fcr mich selber tun. Ich habe die letzten 8 Jahre mit mehr oder weniger spannenden Jobs verbracht, und bin es leid, von Montag bis Freitag von 8 bis 17 Uhr das gleiche zu machen.<br \/>\nDas soll heissen ich werde viele Dinge ausprobieren die ich vorher noch nie gemacht habe, m\u00f6chte viele Konakte kn\u00fcpfen und einfach die Freiheit genie\u00dfen, in einem Land das 16.000km entfernt und \u00fcber 90 Mal so gro\u00df wie \u00d6sterreich ist.<\/p>\n<p>&nbsp;<\/p>\n<p><strong>Wohin?<\/strong><\/p>\n<p>Ankommen werde ich am 7. Dezember in\u00a0Melbourne und dann erstmal\u00a0durch das Land reisen.\u00a0Ich habe viele Punkte rausgesucht die ich gerne besuchen m\u00f6chte, doch eine fixe Route oder gar einen engen Terminplan\u00a0gibt es\u00a0nicht.<br \/>\nFest steht aber dass ich einen Abstecher nach Neuseeland machen werde. Schon alleine aus dem Grund, weil ich mich als \u00d6sterreicher nur maximal drei Monate am St\u00fcck in Australien aufhalten darf.<\/p>\n<p>&nbsp;<\/p>\n<p><strong>Mit was\u00a0und wie lange?<\/strong><\/p>\n<p>Um gr\u00f6\u00dftm\u00f6gliche Flexibilit\u00e4t zu gew\u00e4hrleisten, habe ich mir ein Open-End Ticket von Etihad Airways geleistet. Open-End bedeutet, dass das R\u00fcckflugdatum sowie der R\u00fcckflugort offen sind, und erst w\u00e4hrend der Reise festgelegt werden m\u00fcssen. Erst einmal in Ozeanien angekommen, kann ich mit dem eigenen Auto, dem Backpacker-Bus oder einem Segelboot weiterreisen. Alles ist m\u00f6glich und alles ist offen und genau das gef\u00e4llt mir an dieser Reise.<br \/>\nDamit ist auch offen wie lange\u00a0der\u00a0Spa\u00df\u00a0dauern wird\u00a0&#8211; von einigen Wochen bis zu\u00a0einem Jahr\u00a0ist alles denkbar. Ein limitierender Faktor sind auf jeden Fall meine monet\u00e4ren Mittel.<\/p>\n","protected":false},"excerpt":{"rendered":"<p>Dieser Text bezieht sich auf die Weltreise im Jahr 2011 Warum? Gr\u00fcnde f\u00fcr eine solche Reise gibt es viele, aber in erster Linie m\u00f6chte ich damit etwas f\u00fcr mich selber tun. Ich habe die letzten 8 Jahre mit mehr oder weniger spannenden Jobs&#46;&#46;&#46;<\/p>\n","protected":false},"author":7,"featured_media":0,"parent":0,"menu_order":4,"comment_status":"closed","ping_status":"closed","template":"","meta":{"ngg_post_thumbnail":0,"jetpack_post_was_ever_published":false,"footnotes":""},"class_list":["post-223","page","type-page","status-publish","hentry"],"yoast_head":"<!-- This site is optimized with the Yoast SEO plugin v27.5 - https:\/\/yoast.com\/product\/yoast-seo-wordpress\/ -->\n<title>\u00dcber meine Reise | Simons World<\/title>\n<meta name=\"robots\" content=\"index, follow, max-snippet:-1, max-image-preview:large, max-video-preview:-1\" \/>\n<link rel=\"canonical\" href=\"https:\/\/www.simons-world.at\/rtw\/uber-meine-reise\/\" \/>\n<meta name=\"twitter:label1\" content=\"Gesch\u00e4tzte Lesezeit\" \/>\n\t<meta name=\"twitter:data1\" content=\"1\u00a0Minute\" \/>\n<script type=\"application\/ld+json\" class=\"yoast-schema-graph\">{\"@context\":\"https:\\\/\\\/schema.org\",\"@graph\":[{\"@type\":\"WebPage\",\"@id\":\"https:\\\/\\\/www.simons-world.at\\\/rtw\\\/uber-meine-reise\\\/\",\"url\":\"https:\\\/\\\/www.simons-world.at\\\/rtw\\\/uber-meine-reise\\\/\",\"name\":\"\u00dcber meine Reise | Simons World\",\"isPartOf\":{\"@id\":\"https:\\\/\\\/www.simons-world.at\\\/rtw\\\/#website\"},\"datePublished\":\"2010-11-02T20:37:56+00:00\",\"dateModified\":\"2014-03-26T19:59:18+00:00\",\"breadcrumb\":{\"@id\":\"https:\\\/\\\/www.simons-world.at\\\/rtw\\\/uber-meine-reise\\\/#breadcrumb\"},\"inLanguage\":\"de\",\"potentialAction\":[{\"@type\":\"ReadAction\",\"target\":[\"https:\\\/\\\/www.simons-world.at\\\/rtw\\\/uber-meine-reise\\\/\"]}]},{\"@type\":\"BreadcrumbList\",\"@id\":\"https:\\\/\\\/www.simons-world.at\\\/rtw\\\/uber-meine-reise\\\/#breadcrumb\",\"itemListElement\":[{\"@type\":\"ListItem\",\"position\":1,\"name\":\"Home\",\"item\":\"https:\\\/\\\/www.simons-world.at\\\/rtw\\\/\"},{\"@type\":\"ListItem\",\"position\":2,\"name\":\"\u00dcber meine Reise\"}]},{\"@type\":\"WebSite\",\"@id\":\"https:\\\/\\\/www.simons-world.at\\\/rtw\\\/#website\",\"url\":\"https:\\\/\\\/www.simons-world.at\\\/rtw\\\/\",\"name\":\"Simons World\",\"description\":\"Not just another Travel Blog\",\"publisher\":{\"@id\":\"https:\\\/\\\/www.simons-world.at\\\/rtw\\\/#\\\/schema\\\/person\\\/34f3ecb2e9ff749782fee13191c36495\"},\"potentialAction\":[{\"@type\":\"SearchAction\",\"target\":{\"@type\":\"EntryPoint\",\"urlTemplate\":\"https:\\\/\\\/www.simons-world.at\\\/rtw\\\/?s={search_term_string}\"},\"query-input\":{\"@type\":\"PropertyValueSpecification\",\"valueRequired\":true,\"valueName\":\"search_term_string\"}}],\"inLanguage\":\"de\"},{\"@type\":[\"Person\",\"Organization\"],\"@id\":\"https:\\\/\\\/www.simons-world.at\\\/rtw\\\/#\\\/schema\\\/person\\\/34f3ecb2e9ff749782fee13191c36495\",\"name\":\"Simon\",\"logo\":{\"@id\":\"https:\\\/\\\/www.simons-world.at\\\/rtw\\\/#\\\/schema\\\/person\\\/image\\\/\"},\"sameAs\":[\"http:\\\/\\\/www.simons-world.at\"]}]}<\/script>\n<!-- \/ Yoast SEO plugin. -->","yoast_head_json":{"title":"\u00dcber meine Reise | Simons World","robots":{"index":"index","follow":"follow","max-snippet":"max-snippet:-1","max-image-preview":"max-image-preview:large","max-video-preview":"max-video-preview:-1"},"canonical":"https:\/\/www.simons-world.at\/rtw\/uber-meine-reise\/","twitter_misc":{"Gesch\u00e4tzte Lesezeit":"1\u00a0Minute"},"schema":{"@context":"https:\/\/schema.org","@graph":[{"@type":"WebPage","@id":"https:\/\/www.simons-world.at\/rtw\/uber-meine-reise\/","url":"https:\/\/www.simons-world.at\/rtw\/uber-meine-reise\/","name":"\u00dcber meine Reise | Simons World","isPartOf":{"@id":"https:\/\/www.simons-world.at\/rtw\/#website"},"datePublished":"2010-11-02T20:37:56+00:00","dateModified":"2014-03-26T19:59:18+00:00","breadcrumb":{"@id":"https:\/\/www.simons-world.at\/rtw\/uber-meine-reise\/#breadcrumb"},"inLanguage":"de","potentialAction":[{"@type":"ReadAction","target":["https:\/\/www.simons-world.at\/rtw\/uber-meine-reise\/"]}]},{"@type":"BreadcrumbList","@id":"https:\/\/www.simons-world.at\/rtw\/uber-meine-reise\/#breadcrumb","itemListElement":[{"@type":"ListItem","position":1,"name":"Home","item":"https:\/\/www.simons-world.at\/rtw\/"},{"@type":"ListItem","position":2,"name":"\u00dcber meine Reise"}]},{"@type":"WebSite","@id":"https:\/\/www.simons-world.at\/rtw\/#website","url":"https:\/\/www.simons-world.at\/rtw\/","name":"Simons World","description":"Not just another Travel Blog","publisher":{"@id":"https:\/\/www.simons-world.at\/rtw\/#\/schema\/person\/34f3ecb2e9ff749782fee13191c36495"},"potentialAction":[{"@type":"SearchAction","target":{"@type":"EntryPoint","urlTemplate":"https:\/\/www.simons-world.at\/rtw\/?s={search_term_string}"},"query-input":{"@type":"PropertyValueSpecification","valueRequired":true,"valueName":"search_term_string"}}],"inLanguage":"de"},{"@type":["Person","Organization"],"@id":"https:\/\/www.simons-world.at\/rtw\/#\/schema\/person\/34f3ecb2e9ff749782fee13191c36495","name":"Simon","logo":{"@id":"https:\/\/www.simons-world.at\/rtw\/#\/schema\/person\/image\/"},"sameAs":["http:\/\/www.simons-world.at"]}]}},"jetpack_sharing_enabled":true,"_links":{"self":[{"href":"https:\/\/www.simons-world.at\/rtw\/wp-json\/wp\/v2\/pages\/223","targetHints":{"allow":["GET"]}}],"collection":[{"href":"https:\/\/www.simons-world.at\/rtw\/wp-json\/wp\/v2\/pages"}],"about":[{"href":"https:\/\/www.simons-world.at\/rtw\/wp-json\/wp\/v2\/types\/page"}],"author":[{"embeddable":true,"href":"https:\/\/www.simons-world.at\/rtw\/wp-json\/wp\/v2\/users\/7"}],"replies":[{"embeddable":true,"href":"https:\/\/www.simons-world.at\/rtw\/wp-json\/wp\/v2\/comments?post=223"}],"version-history":[{"count":13,"href":"https:\/\/www.simons-world.at\/rtw\/wp-json\/wp\/v2\/pages\/223\/revisions"}],"predecessor-version":[{"id":3981,"href":"https:\/\/www.simons-world.at\/rtw\/wp-json\/wp\/v2\/pages\/223\/revisions\/3981"}],"wp:attachment":[{"href":"https:\/\/www.simons-world.at\/rtw\/wp-json\/wp\/v2\/media?parent=223"}],"curies":[{"name":"wp","href":"https:\/\/api.w.org\/{rel}","templated":true}]}}