{"id":1766,"date":"2013-03-15T13:18:25","date_gmt":"2013-03-15T12:18:25","guid":{"rendered":"https:\/\/www.simons-world.at\/rtw\/?page_id=1766"},"modified":"2018-09-07T23:10:21","modified_gmt":"2018-09-07T22:10:21","slug":"statistiken","status":"publish","type":"page","link":"https:\/\/www.simons-world.at\/rtw\/statistiken\/","title":{"rendered":"Zahlen &#038; Fakten zur Weltreise 2011"},"content":{"rendered":"<p>Nachfolgend einige interessante Zahlen, die sich ausschlie\u00dflich auf die Weltreise im Jahr 2011 beziehen:<\/p>\n<p>&nbsp;<\/p>\n<p style=\"text-align: left;\"><strong>11 Monate &#8211; 26 Tage &#8211; 18 Stunden<\/strong> unterwegs allein durch die Welt!<br \/>\n<strong>14<\/strong> nationale und internationale Fl\u00fcge dauerten insgesamt<br \/>\n<strong>2 Tage und 13 Stunden<\/strong> und bef\u00f6rderten mich rund<br \/>\n<strong>43.400 km<\/strong> rund um den Erdball<\/p>\n<p><a href=\"https:\/\/www.simons-world.at\/rtw\/wp-content\/uploads\/2013\/03\/googlearthpic.jpg\"><img loading=\"lazy\" decoding=\"async\" class=\"aligncenter wp-image-1818\" src=\"https:\/\/www.simons-world.at\/rtw\/wp-content\/uploads\/2013\/03\/googlearthpic.jpg\" alt=\"googlearthpic\" width=\"720\" height=\"217\" srcset=\"https:\/\/www.simons-world.at\/rtw\/wp-content\/uploads\/2013\/03\/googlearthpic.jpg 1020w, https:\/\/www.simons-world.at\/rtw\/wp-content\/uploads\/2013\/03\/googlearthpic-300x90.jpg 300w\" sizes=\"auto, (max-width: 720px) 100vw, 720px\" \/><\/a><\/p>\n<p>&nbsp;<\/p>\n<p><strong>26.900<\/strong> <strong>km<\/strong> legte ich mit meinem <a title=\"Introducing the All-New CeeJay\" href=\"https:\/\/www.simons-world.at\/rtw\/introducing-the-all-new-ceejay\/\">CeeJay<\/a> in Australien zur\u00fcck<br \/>\n<strong>8.200<\/strong> <strong>km<\/strong> waren es in Neuseeland und dann noch rund<br \/>\n<strong>4.500<\/strong> <strong>km<\/strong> in Asien und Fidschi ergibt eine Gesamtstrecke von rund<br \/>\n<strong>83.000<\/strong> <strong>km<\/strong> in&nbsp;362 Tagen was einem Durchschnitt von<br \/>\n<strong>230 km pro Tag<\/strong> entspricht<\/p>\n<p>&nbsp;<\/p>\n<p><a href=\"https:\/\/www.simons-world.at\/rtw\/wp-content\/uploads\/2013\/03\/ceejay.jpg\"><img loading=\"lazy\" decoding=\"async\" class=\"aligncenter wp-image-1785\" src=\"https:\/\/www.simons-world.at\/rtw\/wp-content\/uploads\/2013\/03\/ceejay.jpg\" alt=\"ceejay\" width=\"720\" height=\"242\" srcset=\"https:\/\/www.simons-world.at\/rtw\/wp-content\/uploads\/2013\/03\/ceejay.jpg 818w, https:\/\/www.simons-world.at\/rtw\/wp-content\/uploads\/2013\/03\/ceejay-300x100.jpg 300w\" sizes=\"auto, (max-width: 720px) 100vw, 720px\" \/><\/a><\/p>\n<p>&nbsp;<\/p>\n<p><strong>145 verschiedene Orte<\/strong> machte ich zu meinem Nachtquartier und versendete<br \/>\n<strong>81 Postkarten<\/strong> aus<br \/>\n<strong>33 Orten<\/strong> in<br \/>\n<strong>8 L\u00e4ndern<\/strong> unserer Erde<\/p>\n<p>&nbsp;<\/p>\n<p><a href=\"https:\/\/www.simons-world.at\/rtw\/wp-content\/uploads\/2013\/03\/postkarten.jpg\"><img loading=\"lazy\" decoding=\"async\" class=\"aligncenter wp-image-1784\" src=\"https:\/\/www.simons-world.at\/rtw\/wp-content\/uploads\/2013\/03\/postkarten.jpg\" alt=\"postkarten\" width=\"720\" height=\"217\" srcset=\"https:\/\/www.simons-world.at\/rtw\/wp-content\/uploads\/2013\/03\/postkarten.jpg 1020w, https:\/\/www.simons-world.at\/rtw\/wp-content\/uploads\/2013\/03\/postkarten-300x90.jpg 300w\" sizes=\"auto, (max-width: 720px) 100vw, 720px\" \/><\/a><\/p>\n<p>&nbsp;<\/p>\n<p><strong>176 Blog Eintr\u00e4ge<\/strong> versehen mit<br \/>\n<strong>985 Schlagw\u00f6rtern<\/strong> und insgesamt<br \/>\n<strong>113.000 W\u00f6rtern<\/strong> erhielten bisher<br \/>\n<strong>492 echte Kommentare<\/strong> und mehr als<br \/>\n<strong>19.200 Spam-Kommentare<\/strong><\/p>\n<p>&nbsp;<\/p>\n<p><a href=\"https:\/\/www.simons-world.at\/rtw\/wp-content\/uploads\/2013\/03\/bilder.jpg\"><img loading=\"lazy\" decoding=\"async\" class=\"aligncenter wp-image-1821\" src=\"https:\/\/www.simons-world.at\/rtw\/wp-content\/uploads\/2013\/03\/bilder.jpg\" alt=\"bilder\" width=\"720\" height=\"217\" srcset=\"https:\/\/www.simons-world.at\/rtw\/wp-content\/uploads\/2013\/03\/bilder.jpg 1020w, https:\/\/www.simons-world.at\/rtw\/wp-content\/uploads\/2013\/03\/bilder-300x90.jpg 300w\" sizes=\"auto, (max-width: 720px) 100vw, 720px\" \/><\/a><\/p>\n<p>&nbsp;<\/p>\n<p><strong>12.176 Mal<\/strong>&nbsp;dr\u00fcckte ich den Ausl\u00f6ser an meiner Digitalkamera wovon ich<strong><br \/>\n5.275 Bilder<\/strong> auf dem Blog ver\u00f6ffentlichte und in<br \/>\n<strong>111<\/strong> <strong>Galerien<\/strong> und<strong><br \/>\n6 Alben<\/strong> einsortierte.<br \/>\n<strong>64 GB<\/strong> meiner Festplatte sind durch die Bilder belegt<\/p>\n<p>&nbsp;<\/p>\n<p><a href=\"https:\/\/www.simons-world.at\/rtw\/wp-content\/uploads\/2013\/03\/geld.jpg\"><img loading=\"lazy\" decoding=\"async\" class=\"aligncenter size-large wp-image-1835\" src=\"https:\/\/www.simons-world.at\/rtw\/wp-content\/uploads\/2013\/03\/geld-1024x346.jpg\" alt=\"geld\" width=\"640\" height=\"216\" srcset=\"https:\/\/www.simons-world.at\/rtw\/wp-content\/uploads\/2013\/03\/geld-1024x346.jpg 1024w, https:\/\/www.simons-world.at\/rtw\/wp-content\/uploads\/2013\/03\/geld-300x101.jpg 300w, https:\/\/www.simons-world.at\/rtw\/wp-content\/uploads\/2013\/03\/geld.jpg 1395w\" sizes=\"auto, (max-width: 640px) 100vw, 640px\" \/><\/a><\/p>\n<p>&nbsp;<\/p>\n<p><strong>19.215 Euro<\/strong> Gesamtkosten teilen sich auf<br \/>\n<strong>3.625 Euro<\/strong> f\u00fcr Ausr\u00fcstung, Versicherung und die Langstreckenfl\u00fcge sowie<br \/>\n<strong>15.590<\/strong> Euro f\u00fcr das Leben und Reisen in den jeweiligen L\u00e4ndern<br \/>\n<strong>53 Euro<\/strong> pro Tag waren das im Durchschnitt, wobei nach Abzug der Grundkosten rund<br \/>\n<strong>35 Euro<\/strong> an tats\u00e4chlich verf\u00fcgbarem t\u00e4glichen Geld \u00fcbrig blieben<\/p>\n<p>&nbsp;<\/p>\n<p><a href=\"https:\/\/www.simons-world.at\/rtw\/wp-content\/uploads\/2013\/03\/buchhaltung.jpg\"><img loading=\"lazy\" decoding=\"async\" class=\"aligncenter wp-image-1837 size-large\" src=\"https:\/\/www.simons-world.at\/rtw\/wp-content\/uploads\/2013\/03\/buchhaltung-1024x344.jpg\" alt=\"buchhaltung\" width=\"720\" height=\"242\" srcset=\"https:\/\/www.simons-world.at\/rtw\/wp-content\/uploads\/2013\/03\/buchhaltung-1024x344.jpg 1024w, https:\/\/www.simons-world.at\/rtw\/wp-content\/uploads\/2013\/03\/buchhaltung-300x100.jpg 300w, https:\/\/www.simons-world.at\/rtw\/wp-content\/uploads\/2013\/03\/buchhaltung.jpg 1392w\" sizes=\"auto, (max-width: 720px) 100vw, 720px\" \/><\/a><\/p>\n<p>&nbsp;<\/p>\n<p><strong>-90 Euro<\/strong> als Endergebnis zeigt meine Excelberechnungstabelle nach rund<br \/>\n<strong>450 Buchungszeilen<\/strong> bestehend aus mehr als<br \/>\n<strong>1.000 Einzelaufzeichnungen<\/strong> und berechnet in<br \/>\n<strong>10 verschiedenen W\u00e4hrungen<\/strong><\/p>\n<p>&nbsp;<\/p>\n<p>&nbsp;<\/p>\n<p style=\"text-align: center\"><a href=\"https:\/\/matadornetwork.com\/travel-map\/84192ecc3c81849661199b1f0b951df7-1536358114\" title=\"Simon\u2019s Travel Map\"><img decoding=\"async\" src=\"https:\/\/d36tnp772eyphs.cloudfront.net\/travel-maps\/84192ecc3c81849661199b1f0b951df7-1536358114\/my-travel-map.png\" style=\"width: 100%; max-width: 100%\" alt=\"Simon\u2019s Travel Map\" \/><\/a><\/p>\n","protected":false},"excerpt":{"rendered":"<p>Nachfolgend einige interessante Zahlen, die sich ausschlie\u00dflich auf die Weltreise im Jahr 2011 beziehen: &nbsp; 11 Monate &#8211; 26 Tage &#8211; 18 Stunden unterwegs allein durch die Welt! 14 nationale und internationale Fl\u00fcge dauerten insgesamt 2 Tage und 13 Stunden und bef\u00f6rderten mich&#46;&#46;&#46;<\/p>\n","protected":false},"author":7,"featured_media":0,"parent":0,"menu_order":3,"comment_status":"open","ping_status":"open","template":"","meta":{"ngg_post_thumbnail":0,"jetpack_post_was_ever_published":false,"footnotes":""},"class_list":["post-1766","page","type-page","status-publish","hentry"],"yoast_head":"<!-- This site is optimized with the Yoast SEO plugin v27.4 - https:\/\/yoast.com\/product\/yoast-seo-wordpress\/ -->\n<title>Weltreise Zahlen und Fakten<\/title>\n<meta name=\"robots\" content=\"index, follow, max-snippet:-1, max-image-preview:large, max-video-preview:-1\" \/>\n<link rel=\"canonical\" href=\"https:\/\/www.simons-world.at\/rtw\/statistiken\/\" \/>\n<meta name=\"twitter:label1\" content=\"Gesch\u00e4tzte Lesezeit\" \/>\n\t<meta name=\"twitter:data1\" content=\"1\u00a0Minute\" \/>\n<script type=\"application\/ld+json\" class=\"yoast-schema-graph\">{\"@context\":\"https:\\\/\\\/schema.org\",\"@graph\":[{\"@type\":\"WebPage\",\"@id\":\"https:\\\/\\\/www.simons-world.at\\\/rtw\\\/statistiken\\\/\",\"url\":\"https:\\\/\\\/www.simons-world.at\\\/rtw\\\/statistiken\\\/\",\"name\":\"Weltreise Zahlen und Fakten\",\"isPartOf\":{\"@id\":\"https:\\\/\\\/www.simons-world.at\\\/rtw\\\/#website\"},\"primaryImageOfPage\":{\"@id\":\"https:\\\/\\\/www.simons-world.at\\\/rtw\\\/statistiken\\\/#primaryimage\"},\"image\":{\"@id\":\"https:\\\/\\\/www.simons-world.at\\\/rtw\\\/statistiken\\\/#primaryimage\"},\"thumbnailUrl\":\"https:\\\/\\\/www.simons-world.at\\\/rtw\\\/wp-content\\\/uploads\\\/2013\\\/03\\\/googlearthpic.jpg\",\"datePublished\":\"2013-03-15T12:18:25+00:00\",\"dateModified\":\"2018-09-07T22:10:21+00:00\",\"breadcrumb\":{\"@id\":\"https:\\\/\\\/www.simons-world.at\\\/rtw\\\/statistiken\\\/#breadcrumb\"},\"inLanguage\":\"de\",\"potentialAction\":[{\"@type\":\"ReadAction\",\"target\":[\"https:\\\/\\\/www.simons-world.at\\\/rtw\\\/statistiken\\\/\"]}]},{\"@type\":\"ImageObject\",\"inLanguage\":\"de\",\"@id\":\"https:\\\/\\\/www.simons-world.at\\\/rtw\\\/statistiken\\\/#primaryimage\",\"url\":\"https:\\\/\\\/www.simons-world.at\\\/rtw\\\/wp-content\\\/uploads\\\/2013\\\/03\\\/googlearthpic.jpg\",\"contentUrl\":\"https:\\\/\\\/www.simons-world.at\\\/rtw\\\/wp-content\\\/uploads\\\/2013\\\/03\\\/googlearthpic.jpg\",\"width\":1020,\"height\":307},{\"@type\":\"BreadcrumbList\",\"@id\":\"https:\\\/\\\/www.simons-world.at\\\/rtw\\\/statistiken\\\/#breadcrumb\",\"itemListElement\":[{\"@type\":\"ListItem\",\"position\":1,\"name\":\"Home\",\"item\":\"https:\\\/\\\/www.simons-world.at\\\/rtw\\\/\"},{\"@type\":\"ListItem\",\"position\":2,\"name\":\"Zahlen &#038; Fakten zur Weltreise 2011\"}]},{\"@type\":\"WebSite\",\"@id\":\"https:\\\/\\\/www.simons-world.at\\\/rtw\\\/#website\",\"url\":\"https:\\\/\\\/www.simons-world.at\\\/rtw\\\/\",\"name\":\"Simons World\",\"description\":\"Not just another Travel Blog\",\"publisher\":{\"@id\":\"https:\\\/\\\/www.simons-world.at\\\/rtw\\\/#\\\/schema\\\/person\\\/34f3ecb2e9ff749782fee13191c36495\"},\"potentialAction\":[{\"@type\":\"SearchAction\",\"target\":{\"@type\":\"EntryPoint\",\"urlTemplate\":\"https:\\\/\\\/www.simons-world.at\\\/rtw\\\/?s={search_term_string}\"},\"query-input\":{\"@type\":\"PropertyValueSpecification\",\"valueRequired\":true,\"valueName\":\"search_term_string\"}}],\"inLanguage\":\"de\"},{\"@type\":[\"Person\",\"Organization\"],\"@id\":\"https:\\\/\\\/www.simons-world.at\\\/rtw\\\/#\\\/schema\\\/person\\\/34f3ecb2e9ff749782fee13191c36495\",\"name\":\"Simon\",\"logo\":{\"@id\":\"https:\\\/\\\/www.simons-world.at\\\/rtw\\\/#\\\/schema\\\/person\\\/image\\\/\"},\"sameAs\":[\"http:\\\/\\\/www.simons-world.at\"]}]}<\/script>\n<!-- \/ Yoast SEO plugin. -->","yoast_head_json":{"title":"Weltreise Zahlen und Fakten","robots":{"index":"index","follow":"follow","max-snippet":"max-snippet:-1","max-image-preview":"max-image-preview:large","max-video-preview":"max-video-preview:-1"},"canonical":"https:\/\/www.simons-world.at\/rtw\/statistiken\/","twitter_misc":{"Gesch\u00e4tzte Lesezeit":"1\u00a0Minute"},"schema":{"@context":"https:\/\/schema.org","@graph":[{"@type":"WebPage","@id":"https:\/\/www.simons-world.at\/rtw\/statistiken\/","url":"https:\/\/www.simons-world.at\/rtw\/statistiken\/","name":"Weltreise Zahlen und Fakten","isPartOf":{"@id":"https:\/\/www.simons-world.at\/rtw\/#website"},"primaryImageOfPage":{"@id":"https:\/\/www.simons-world.at\/rtw\/statistiken\/#primaryimage"},"image":{"@id":"https:\/\/www.simons-world.at\/rtw\/statistiken\/#primaryimage"},"thumbnailUrl":"https:\/\/www.simons-world.at\/rtw\/wp-content\/uploads\/2013\/03\/googlearthpic.jpg","datePublished":"2013-03-15T12:18:25+00:00","dateModified":"2018-09-07T22:10:21+00:00","breadcrumb":{"@id":"https:\/\/www.simons-world.at\/rtw\/statistiken\/#breadcrumb"},"inLanguage":"de","potentialAction":[{"@type":"ReadAction","target":["https:\/\/www.simons-world.at\/rtw\/statistiken\/"]}]},{"@type":"ImageObject","inLanguage":"de","@id":"https:\/\/www.simons-world.at\/rtw\/statistiken\/#primaryimage","url":"https:\/\/www.simons-world.at\/rtw\/wp-content\/uploads\/2013\/03\/googlearthpic.jpg","contentUrl":"https:\/\/www.simons-world.at\/rtw\/wp-content\/uploads\/2013\/03\/googlearthpic.jpg","width":1020,"height":307},{"@type":"BreadcrumbList","@id":"https:\/\/www.simons-world.at\/rtw\/statistiken\/#breadcrumb","itemListElement":[{"@type":"ListItem","position":1,"name":"Home","item":"https:\/\/www.simons-world.at\/rtw\/"},{"@type":"ListItem","position":2,"name":"Zahlen &#038; Fakten zur Weltreise 2011"}]},{"@type":"WebSite","@id":"https:\/\/www.simons-world.at\/rtw\/#website","url":"https:\/\/www.simons-world.at\/rtw\/","name":"Simons World","description":"Not just another Travel Blog","publisher":{"@id":"https:\/\/www.simons-world.at\/rtw\/#\/schema\/person\/34f3ecb2e9ff749782fee13191c36495"},"potentialAction":[{"@type":"SearchAction","target":{"@type":"EntryPoint","urlTemplate":"https:\/\/www.simons-world.at\/rtw\/?s={search_term_string}"},"query-input":{"@type":"PropertyValueSpecification","valueRequired":true,"valueName":"search_term_string"}}],"inLanguage":"de"},{"@type":["Person","Organization"],"@id":"https:\/\/www.simons-world.at\/rtw\/#\/schema\/person\/34f3ecb2e9ff749782fee13191c36495","name":"Simon","logo":{"@id":"https:\/\/www.simons-world.at\/rtw\/#\/schema\/person\/image\/"},"sameAs":["http:\/\/www.simons-world.at"]}]}},"jetpack_sharing_enabled":true,"_links":{"self":[{"href":"https:\/\/www.simons-world.at\/rtw\/wp-json\/wp\/v2\/pages\/1766","targetHints":{"allow":["GET"]}}],"collection":[{"href":"https:\/\/www.simons-world.at\/rtw\/wp-json\/wp\/v2\/pages"}],"about":[{"href":"https:\/\/www.simons-world.at\/rtw\/wp-json\/wp\/v2\/types\/page"}],"author":[{"embeddable":true,"href":"https:\/\/www.simons-world.at\/rtw\/wp-json\/wp\/v2\/users\/7"}],"replies":[{"embeddable":true,"href":"https:\/\/www.simons-world.at\/rtw\/wp-json\/wp\/v2\/comments?post=1766"}],"version-history":[{"count":46,"href":"https:\/\/www.simons-world.at\/rtw\/wp-json\/wp\/v2\/pages\/1766\/revisions"}],"predecessor-version":[{"id":10427,"href":"https:\/\/www.simons-world.at\/rtw\/wp-json\/wp\/v2\/pages\/1766\/revisions\/10427"}],"wp:attachment":[{"href":"https:\/\/www.simons-world.at\/rtw\/wp-json\/wp\/v2\/media?parent=1766"}],"curies":[{"name":"wp","href":"https:\/\/api.w.org\/{rel}","templated":true}]}}