{"id":155,"date":"2010-10-12T11:16:36","date_gmt":"2010-10-12T09:16:36","guid":{"rendered":"https:\/\/www.simons-world.at\/rtw\/?page_id=155"},"modified":"2016-07-19T22:15:47","modified_gmt":"2016-07-19T21:15:47","slug":"webproxy","status":"publish","type":"page","link":"https:\/\/www.simons-world.at\/rtw\/webproxy\/","title":{"rendered":"Webproxy"},"content":{"rendered":"<h3><strong>Surfen ohne Limits <\/strong>&#8211; mit diesem Webproxy k\u00f6nnt ihr ganz einfach so manchen Webfilter umgehen:<\/h3>\n<p><a href=\"http:\/\/www.webproxy.co.at\">Webproxy.co.at<\/a> <\/p>\n<p>Server Standort Deutschland<\/p>\n<p>&nbsp;<\/p>\n<p>Denkt dran, diese Dienste werden nur durch Werbung finanziert und die Webserver sind leider nicht umsonst. Bitte benutzt keine Werbeblocker. \u00dcber Feedback w\u00e4re ich sehr dankbar. Have fun!<\/p>\n<p>&nbsp;<\/p>\n<p>&nbsp;<\/p>\n<h3><strong>Was ist ein Webproxy?<\/strong><\/h3>\n<p>Ein Webproxy dient als Vermittlungsstelle zwischen deinem Computer und dem Internet. Wenn du eine Seite aufrufen m\u00f6chtest, besorgt sich der Proxy die gew\u00fcnschten Inhalte, und sendet sie an dich weiter. So ist es m\u00f6glich, dass du eine Webseite ansehen kannst, auf die der direkte Zugriff durch einen Webfilter gesperrt wurde.<\/p>\n<p>Solche Filtersysteme werden gerne in Schulen oder gr\u00f6\u00dferen Unternehmen eingesetzt. Viele davon lassen sich mit diesem Trick \u00fcberlisten \ud83d\ude42<br \/>\nIhr solltet es nur nicht \u00fcbertreiben, denn sonst k\u00f6nnte es passieren, dass der Proxy entdeckt wird und auch auf der Sperrliste landet.<\/p>\n<p>&nbsp;<\/p>\n","protected":false},"excerpt":{"rendered":"<p>Surfen ohne Limits &#8211; mit diesem Webproxy k\u00f6nnt ihr ganz einfach so manchen Webfilter umgehen: Webproxy.co.at Server Standort Deutschland &nbsp; Denkt dran, diese Dienste werden nur durch Werbung finanziert und die Webserver sind leider nicht umsonst. Bitte benutzt keine Werbeblocker. \u00dcber Feedback w\u00e4re&#46;&#46;&#46;<\/p>\n","protected":false},"author":7,"featured_media":0,"parent":0,"menu_order":6,"comment_status":"closed","ping_status":"closed","template":"","meta":{"ngg_post_thumbnail":0,"jetpack_post_was_ever_published":false,"footnotes":""},"class_list":["post-155","page","type-page","status-publish","hentry"],"yoast_head":"<!-- This site is optimized with the Yoast SEO plugin v27.5 - https:\/\/yoast.com\/product\/yoast-seo-wordpress\/ -->\n<title>Webproxy | Simons World<\/title>\n<meta name=\"description\" content=\"Surfen ohne Limits - mit diesem kostenlosen Webproxy k\u00f6nnt ihr ganz einfach Webfilter oder Youtube Sperren umgehen. Webproxy Server Standorte in DE und US!\" \/>\n<meta name=\"robots\" content=\"index, follow, max-snippet:-1, max-image-preview:large, max-video-preview:-1\" \/>\n<link rel=\"canonical\" href=\"https:\/\/www.simons-world.at\/rtw\/webproxy\/\" \/>\n<meta name=\"twitter:label1\" content=\"Gesch\u00e4tzte Lesezeit\" \/>\n\t<meta name=\"twitter:data1\" content=\"1\u00a0Minute\" \/>\n<script type=\"application\/ld+json\" class=\"yoast-schema-graph\">{\"@context\":\"https:\\\/\\\/schema.org\",\"@graph\":[{\"@type\":\"WebPage\",\"@id\":\"https:\\\/\\\/www.simons-world.at\\\/rtw\\\/webproxy\\\/\",\"url\":\"https:\\\/\\\/www.simons-world.at\\\/rtw\\\/webproxy\\\/\",\"name\":\"Webproxy | Simons World\",\"isPartOf\":{\"@id\":\"https:\\\/\\\/www.simons-world.at\\\/rtw\\\/#website\"},\"datePublished\":\"2010-10-12T09:16:36+00:00\",\"dateModified\":\"2016-07-19T21:15:47+00:00\",\"description\":\"Surfen ohne Limits - mit diesem kostenlosen Webproxy k\u00f6nnt ihr ganz einfach Webfilter oder Youtube Sperren umgehen. Webproxy Server Standorte in DE und US!\",\"breadcrumb\":{\"@id\":\"https:\\\/\\\/www.simons-world.at\\\/rtw\\\/webproxy\\\/#breadcrumb\"},\"inLanguage\":\"de\",\"potentialAction\":[{\"@type\":\"ReadAction\",\"target\":[\"https:\\\/\\\/www.simons-world.at\\\/rtw\\\/webproxy\\\/\"]}]},{\"@type\":\"BreadcrumbList\",\"@id\":\"https:\\\/\\\/www.simons-world.at\\\/rtw\\\/webproxy\\\/#breadcrumb\",\"itemListElement\":[{\"@type\":\"ListItem\",\"position\":1,\"name\":\"Home\",\"item\":\"https:\\\/\\\/www.simons-world.at\\\/rtw\\\/\"},{\"@type\":\"ListItem\",\"position\":2,\"name\":\"Webproxy\"}]},{\"@type\":\"WebSite\",\"@id\":\"https:\\\/\\\/www.simons-world.at\\\/rtw\\\/#website\",\"url\":\"https:\\\/\\\/www.simons-world.at\\\/rtw\\\/\",\"name\":\"Simons World\",\"description\":\"Not just another Travel Blog\",\"publisher\":{\"@id\":\"https:\\\/\\\/www.simons-world.at\\\/rtw\\\/#\\\/schema\\\/person\\\/34f3ecb2e9ff749782fee13191c36495\"},\"potentialAction\":[{\"@type\":\"SearchAction\",\"target\":{\"@type\":\"EntryPoint\",\"urlTemplate\":\"https:\\\/\\\/www.simons-world.at\\\/rtw\\\/?s={search_term_string}\"},\"query-input\":{\"@type\":\"PropertyValueSpecification\",\"valueRequired\":true,\"valueName\":\"search_term_string\"}}],\"inLanguage\":\"de\"},{\"@type\":[\"Person\",\"Organization\"],\"@id\":\"https:\\\/\\\/www.simons-world.at\\\/rtw\\\/#\\\/schema\\\/person\\\/34f3ecb2e9ff749782fee13191c36495\",\"name\":\"Simon\",\"logo\":{\"@id\":\"https:\\\/\\\/www.simons-world.at\\\/rtw\\\/#\\\/schema\\\/person\\\/image\\\/\"},\"sameAs\":[\"http:\\\/\\\/www.simons-world.at\"]}]}<\/script>\n<!-- \/ Yoast SEO plugin. -->","yoast_head_json":{"title":"Webproxy | Simons World","description":"Surfen ohne Limits - mit diesem kostenlosen Webproxy k\u00f6nnt ihr ganz einfach Webfilter oder Youtube Sperren umgehen. Webproxy Server Standorte in DE und US!","robots":{"index":"index","follow":"follow","max-snippet":"max-snippet:-1","max-image-preview":"max-image-preview:large","max-video-preview":"max-video-preview:-1"},"canonical":"https:\/\/www.simons-world.at\/rtw\/webproxy\/","twitter_misc":{"Gesch\u00e4tzte Lesezeit":"1\u00a0Minute"},"schema":{"@context":"https:\/\/schema.org","@graph":[{"@type":"WebPage","@id":"https:\/\/www.simons-world.at\/rtw\/webproxy\/","url":"https:\/\/www.simons-world.at\/rtw\/webproxy\/","name":"Webproxy | Simons World","isPartOf":{"@id":"https:\/\/www.simons-world.at\/rtw\/#website"},"datePublished":"2010-10-12T09:16:36+00:00","dateModified":"2016-07-19T21:15:47+00:00","description":"Surfen ohne Limits - mit diesem kostenlosen Webproxy k\u00f6nnt ihr ganz einfach Webfilter oder Youtube Sperren umgehen. Webproxy Server Standorte in DE und US!","breadcrumb":{"@id":"https:\/\/www.simons-world.at\/rtw\/webproxy\/#breadcrumb"},"inLanguage":"de","potentialAction":[{"@type":"ReadAction","target":["https:\/\/www.simons-world.at\/rtw\/webproxy\/"]}]},{"@type":"BreadcrumbList","@id":"https:\/\/www.simons-world.at\/rtw\/webproxy\/#breadcrumb","itemListElement":[{"@type":"ListItem","position":1,"name":"Home","item":"https:\/\/www.simons-world.at\/rtw\/"},{"@type":"ListItem","position":2,"name":"Webproxy"}]},{"@type":"WebSite","@id":"https:\/\/www.simons-world.at\/rtw\/#website","url":"https:\/\/www.simons-world.at\/rtw\/","name":"Simons World","description":"Not just another Travel Blog","publisher":{"@id":"https:\/\/www.simons-world.at\/rtw\/#\/schema\/person\/34f3ecb2e9ff749782fee13191c36495"},"potentialAction":[{"@type":"SearchAction","target":{"@type":"EntryPoint","urlTemplate":"https:\/\/www.simons-world.at\/rtw\/?s={search_term_string}"},"query-input":{"@type":"PropertyValueSpecification","valueRequired":true,"valueName":"search_term_string"}}],"inLanguage":"de"},{"@type":["Person","Organization"],"@id":"https:\/\/www.simons-world.at\/rtw\/#\/schema\/person\/34f3ecb2e9ff749782fee13191c36495","name":"Simon","logo":{"@id":"https:\/\/www.simons-world.at\/rtw\/#\/schema\/person\/image\/"},"sameAs":["http:\/\/www.simons-world.at"]}]}},"jetpack_sharing_enabled":true,"_links":{"self":[{"href":"https:\/\/www.simons-world.at\/rtw\/wp-json\/wp\/v2\/pages\/155","targetHints":{"allow":["GET"]}}],"collection":[{"href":"https:\/\/www.simons-world.at\/rtw\/wp-json\/wp\/v2\/pages"}],"about":[{"href":"https:\/\/www.simons-world.at\/rtw\/wp-json\/wp\/v2\/types\/page"}],"author":[{"embeddable":true,"href":"https:\/\/www.simons-world.at\/rtw\/wp-json\/wp\/v2\/users\/7"}],"replies":[{"embeddable":true,"href":"https:\/\/www.simons-world.at\/rtw\/wp-json\/wp\/v2\/comments?post=155"}],"version-history":[{"count":28,"href":"https:\/\/www.simons-world.at\/rtw\/wp-json\/wp\/v2\/pages\/155\/revisions"}],"predecessor-version":[{"id":8688,"href":"https:\/\/www.simons-world.at\/rtw\/wp-json\/wp\/v2\/pages\/155\/revisions\/8688"}],"wp:attachment":[{"href":"https:\/\/www.simons-world.at\/rtw\/wp-json\/wp\/v2\/media?parent=155"}],"curies":[{"name":"wp","href":"https:\/\/api.w.org\/{rel}","templated":true}]}}